{"id":61,"date":"2021-10-03T18:38:37","date_gmt":"2021-10-03T18:38:37","guid":{"rendered":"https:\/\/villas-andalucia.com\/?page_id=61"},"modified":"2023-02-28T14:36:00","modified_gmt":"2023-02-28T14:36:00","slug":"imprint","status":"publish","type":"page","link":"https:\/\/villas-andalucia.com\/de\/imprint\/","title":{"rendered":"Impressum"},"content":{"rendered":"<style>.kb-row-layout-id_b5cfb8-36 > .kt-row-column-wrap{align-content:start;}:where(.kb-row-layout-id_b5cfb8-36 > .kt-row-column-wrap) > .wp-block-kadence-column{justify-content:start;}.kb-row-layout-id_b5cfb8-36 > .kt-row-column-wrap{column-gap:var(--global-kb-gap-md, 2rem);row-gap:var(--global-kb-gap-md, 2rem);max-width:750px;margin-left:auto;margin-right:auto;padding-top:80px;padding-bottom:25px;grid-template-columns:minmax(0, 1fr);}.kb-row-layout-id_b5cfb8-36 > .kt-row-layout-overlay{opacity:0.30;}@media all and (max-width: 1024px){.kb-row-layout-id_b5cfb8-36 > .kt-row-column-wrap{grid-template-columns:minmax(0, 1fr);}}@media all and (max-width: 767px){.kb-row-layout-id_b5cfb8-36 > .kt-row-column-wrap{grid-template-columns:minmax(0, 1fr);}}<\/style><div class=\"kb-row-layout-wrap kb-row-layout-id_b5cfb8-36 alignnone wp-block-kadence-rowlayout\"><div class=\"kt-row-column-wrap kt-has-1-columns kt-row-layout-equal kt-tab-layout-inherit kt-mobile-layout-row kt-row-valign-top\">\n<style>.kadence-column_f9c328-41 > .kt-inside-inner-col,.kadence-column_f9c328-41 > .kt-inside-inner-col:before{border-top-left-radius:0px;border-top-right-radius:0px;border-bottom-right-radius:0px;border-bottom-left-radius:0px;}.kadence-column_f9c328-41 > .kt-inside-inner-col{column-gap:var(--global-kb-gap-sm, 1rem);}.kadence-column_f9c328-41 > .kt-inside-inner-col{flex-direction:column;}.kadence-column_f9c328-41 > .kt-inside-inner-col > .aligncenter{width:100%;}.kadence-column_f9c328-41 > .kt-inside-inner-col:before{opacity:0.3;}.kadence-column_f9c328-41{position:relative;}@media all and (max-width: 1024px){.kadence-column_f9c328-41 > .kt-inside-inner-col{flex-direction:column;justify-content:center;}}@media all and (max-width: 767px){.kadence-column_f9c328-41 > .kt-inside-inner-col{flex-direction:column;justify-content:center;}}<\/style>\n<div class=\"wp-block-kadence-column kadence-column_f9c328-41 inner-column-1\"><div class=\"kt-inside-inner-col\"><style>.wp-block-kadence-advancedheading.kt-adv-heading_847e0d-93, .wp-block-kadence-advancedheading.kt-adv-heading_847e0d-93[data-kb-block=\"kb-adv-heading_847e0d-93\"]{padding-bottom:40px;text-align:center;font-size:42px;font-weight:400;font-style:normal;}.wp-block-kadence-advancedheading.kt-adv-heading_847e0d-93 mark.kt-highlight, .wp-block-kadence-advancedheading.kt-adv-heading_847e0d-93[data-kb-block=\"kb-adv-heading_847e0d-93\"] mark.kt-highlight{font-style:normal;color:#f76a0c;-webkit-box-decoration-break:clone;box-decoration-break:clone;padding-top:0px;padding-right:0px;padding-bottom:0px;padding-left:0px;}.wp-block-kadence-advancedheading.kt-adv-heading_847e0d-93 img.kb-inline-image, .wp-block-kadence-advancedheading.kt-adv-heading_847e0d-93[data-kb-block=\"kb-adv-heading_847e0d-93\"] img.kb-inline-image{width:150px;vertical-align:baseline;}<\/style>\n<h2 class=\"kt-adv-heading_847e0d-93 wp-block-kadence-advancedheading has-theme-palette-3-color has-text-color\" data-kb-block=\"kb-adv-heading_847e0d-93\">Imprint<\/h2>\n<\/div><\/div>\n\n<\/div><\/div>\n\n<style>.kb-row-layout-id_313791-c9 > .kt-row-column-wrap{align-content:start;}:where(.kb-row-layout-id_313791-c9 > .kt-row-column-wrap) > .wp-block-kadence-column{justify-content:start;}.kb-row-layout-id_313791-c9 > .kt-row-column-wrap{column-gap:80px;row-gap:var(--global-kb-gap-md, 2rem);max-width:var( --global-content-width, 1290px );padding-left:var(--global-content-edge-padding);padding-right:var(--global-content-edge-padding);padding-top:25px;padding-bottom:80px;grid-template-columns:minmax(0, 1fr) minmax(0, 2fr);}.kb-row-layout-id_313791-c9 > .kt-row-layout-overlay{opacity:0.30;}@media all and (max-width: 1024px){.kb-row-layout-id_313791-c9 > .kt-row-column-wrap{grid-template-columns:minmax(0, 1fr) minmax(0, 2fr);}}@media all and (max-width: 767px){.kb-row-layout-id_313791-c9 > .kt-row-column-wrap{grid-template-columns:minmax(0, 1fr);}}<\/style><div class=\"kb-row-layout-wrap kb-row-layout-id_313791-c9 alignnone wp-block-kadence-rowlayout\"><div class=\"kt-row-column-wrap kt-has-2-columns kt-row-layout-right-golden kt-tab-layout-inherit kt-mobile-layout-row kt-row-valign-top kb-theme-content-width\">\n<style>.kadence-column_98039d-ce > .kt-inside-inner-col{padding-top:50px;padding-right:50px;padding-bottom:50px;padding-left:50px;}.kadence-column_98039d-ce > .kt-inside-inner-col,.kadence-column_98039d-ce > .kt-inside-inner-col:before{border-top-left-radius:0px;border-top-right-radius:0px;border-bottom-right-radius:0px;border-bottom-left-radius:0px;}.kadence-column_98039d-ce > .kt-inside-inner-col{column-gap:var(--global-kb-gap-sm, 1rem);}.kadence-column_98039d-ce > .kt-inside-inner-col{flex-direction:column;}.kadence-column_98039d-ce > .kt-inside-inner-col > .aligncenter{width:100%;}.kadence-column_98039d-ce > .kt-inside-inner-col{background-color:var(--global-palette7, #EDF2F7);}.kadence-column_98039d-ce > .kt-inside-inner-col:before{opacity:0.3;}.kadence-column_98039d-ce{position:relative;}@media all and (max-width: 1024px){.kadence-column_98039d-ce > .kt-inside-inner-col{flex-direction:column;justify-content:center;}}@media all and (max-width: 767px){.kadence-column_98039d-ce > .kt-inside-inner-col{flex-direction:column;justify-content:center;}}<\/style>\n<div class=\"wp-block-kadence-column kadence-column_98039d-ce inner-column-1\"><div class=\"kt-inside-inner-col\">\n<p class=\"has-medium-font-size\"><strong>Contact<\/strong><\/p>\n\n\n\n<p>Villas Andalucia Luxury Rentals S.L.<br>Avda. Jos\u00e9 Ortega y Gasset 317<br>29006 M\u00e1laga<\/p>\n<\/div><\/div>\n\n\n<style>.kadence-column_a6ac8a-b8 > .kt-inside-inner-col,.kadence-column_a6ac8a-b8 > .kt-inside-inner-col:before{border-top-left-radius:0px;border-top-right-radius:0px;border-bottom-right-radius:0px;border-bottom-left-radius:0px;}.kadence-column_a6ac8a-b8 > .kt-inside-inner-col{column-gap:var(--global-kb-gap-sm, 1rem);}.kadence-column_a6ac8a-b8 > .kt-inside-inner-col{flex-direction:column;}.kadence-column_a6ac8a-b8 > .kt-inside-inner-col > .aligncenter{width:100%;}.kadence-column_a6ac8a-b8 > .kt-inside-inner-col:before{opacity:0.3;}.kadence-column_a6ac8a-b8{position:relative;}@media all and (max-width: 1024px){.kadence-column_a6ac8a-b8 > .kt-inside-inner-col{flex-direction:column;justify-content:center;}}@media all and (max-width: 767px){.kadence-column_a6ac8a-b8 > .kt-inside-inner-col{flex-direction:column;justify-content:center;}}<\/style>\n<div class=\"wp-block-kadence-column kadence-column_a6ac8a-b8 inner-column-2\"><div class=\"kt-inside-inner-col\">\n<p>Villas Andalucia Luxury Rentals S.L.<br>Avda. Jos\u00e9 Ortega y Gasset 317<br>29006 M\u00e1laga<\/p>\n\n\n\n<p>E-Mail: info@villas-andalucia.com<br>CIF: B16989774<\/p>\n\n\n\n<p><\/p>\n\n\n\n<p><strong>Contact<\/strong><\/p>\n\n\n\n<p>info@ <a href=\"https:\/\/villas-andalucia.com\">villas-andalucia.com<\/a> <br><a href=\"https:\/\/villas-andalucia.com\">https:\/\/villas-andalucia.com<\/a><\/p>\n\n\n\n<p><\/p>\n\n\n\n<p><strong>Dispute resolution<\/strong><\/p>\n\n\n\n<p>The European Commission provides a platform for out-of-court online dispute resolution (ODR platform), which can be accessed at www.ec.europa.eu\/consumers\/odr. Consumers have the possibility to use this platform for the settlement of their disputes. We are neither obliged nor willing to participate in the dispute resolution procedure.<\/p>\n\n\n\n<p><strong>Tourist licence:<\/strong><\/p>\n\n\n\n<p>Villa Ananda: VFT\/MA\/43967<\/p>\n\n\n\n<p>Villa Serenidad: VFT\/MA\/49374<\/p>\n\n\n\n<p><\/p>\n\n\n\n<p><\/p>\n\n\n<style>.wp-block-kadence-spacer.kt-block-spacer-_d1efb7-83 .kt-block-spacer{height:20px;}.wp-block-kadence-spacer.kt-block-spacer-_d1efb7-83 .kt-divider{border-top-width:1px;height:1px;border-top-color:var(--global-palette9, #ffffff);width:100%;border-top-style:solid;}<\/style>\n<div class=\"wp-block-kadence-spacer aligncenter kt-block-spacer-_d1efb7-83\"><div class=\"kt-block-spacer kt-block-spacer-halign-center\"><hr class=\"kt-divider\"\/><\/div><\/div>\n<\/div><\/div>\n\n<\/div><\/div>","protected":false},"excerpt":{"rendered":"<p>Imprint Contact Villas Andalucia Luxury Rentals S.L.Avda. Jos\u00e9 Ortega y Gasset 31729006 M\u00e1laga Villas Andalucia Luxury Rentals S.L.Avda. Jos\u00e9 Ortega y Gasset 31729006 M\u00e1laga E-Mail: info@villas-andalucia.comCIF: B16989774 Contact info@ villas-andalucia.com https:\/\/villas-andalucia.com Dispute resolution The European Commission provides a platform for out-of-court online dispute resolution (ODR platform), which can be accessed at www.ec.europa.eu\/consumers\/odr. Consumers have the&#8230;<\/p>","protected":false},"author":2,"featured_media":0,"parent":0,"menu_order":0,"comment_status":"closed","ping_status":"closed","template":"","meta":{"_kad_blocks_custom_css":"","_kad_blocks_head_custom_js":"","_kad_blocks_body_custom_js":"","_kad_blocks_footer_custom_js":"","_kad_post_transparent":"","_kad_post_title":"","_kad_post_layout":"","_kad_post_sidebar_id":"","_kad_post_content_style":"","_kad_post_vertical_padding":"","_kad_post_feature":"","_kad_post_feature_position":"","_kad_post_header":false,"_kad_post_footer":false,"_kad_post_classname":"","footnotes":""},"class_list":["post-61","page","type-page","status-publish","hentry"],"yoast_head":"<!-- This site is optimized with the Yoast SEO plugin v27.4 - https:\/\/yoast.com\/product\/yoast-seo-wordpress\/ -->\n<title>Imprint - Villas Andalucia<\/title>\n<meta name=\"robots\" content=\"noindex, follow, max-snippet:-1, max-image-preview:large, max-video-preview:-1\" \/>\n<meta property=\"og:locale\" content=\"de_DE\" \/>\n<meta property=\"og:type\" content=\"article\" \/>\n<meta property=\"og:title\" content=\"Imprint - Villas Andalucia\" \/>\n<meta property=\"og:description\" content=\"Imprint Contact Villas Andalucia Luxury Rentals S.L.Avda. Jos\u00e9 Ortega y Gasset 31729006 M\u00e1laga Villas Andalucia Luxury Rentals S.L.Avda. Jos\u00e9 Ortega y Gasset 31729006 M\u00e1laga E-Mail: info@villas-andalucia.comCIF: B16989774 Contact info@ villas-andalucia.com https:\/\/villas-andalucia.com Dispute resolution The European Commission provides a platform for out-of-court online dispute resolution (ODR platform), which can be accessed at www.ec.europa.eu\/consumers\/odr. Consumers have the...\" \/>\n<meta property=\"og:url\" content=\"https:\/\/villas-andalucia.com\/de\/imprint\/\" \/>\n<meta property=\"og:site_name\" content=\"Villas Andalucia\" \/>\n<meta property=\"article:modified_time\" content=\"2023-02-28T14:36:00+00:00\" \/>\n<meta name=\"twitter:card\" content=\"summary_large_image\" \/>\n<meta name=\"twitter:label1\" content=\"Gesch\u00e4tzte Lesezeit\" \/>\n\t<meta name=\"twitter:data1\" content=\"1\u00a0Minute\" \/>\n<script type=\"application\/ld+json\" class=\"yoast-schema-graph\">{\"@context\":\"https:\\\/\\\/schema.org\",\"@graph\":[{\"@type\":\"WebPage\",\"@id\":\"https:\\\/\\\/villas-andalucia.com\\\/imprint\\\/\",\"url\":\"https:\\\/\\\/villas-andalucia.com\\\/imprint\\\/\",\"name\":\"Imprint - Villas Andalucia\",\"isPartOf\":{\"@id\":\"https:\\\/\\\/villas-andalucia.com\\\/#website\"},\"datePublished\":\"2021-10-03T18:38:37+00:00\",\"dateModified\":\"2023-02-28T14:36:00+00:00\",\"breadcrumb\":{\"@id\":\"https:\\\/\\\/villas-andalucia.com\\\/imprint\\\/#breadcrumb\"},\"inLanguage\":\"de\",\"potentialAction\":[{\"@type\":\"ReadAction\",\"target\":[\"https:\\\/\\\/villas-andalucia.com\\\/imprint\\\/\"]}]},{\"@type\":\"BreadcrumbList\",\"@id\":\"https:\\\/\\\/villas-andalucia.com\\\/imprint\\\/#breadcrumb\",\"itemListElement\":[{\"@type\":\"ListItem\",\"position\":1,\"name\":\"Home\",\"item\":\"https:\\\/\\\/villas-andalucia.com\\\/\"},{\"@type\":\"ListItem\",\"position\":2,\"name\":\"Imprint\"}]},{\"@type\":\"WebSite\",\"@id\":\"https:\\\/\\\/villas-andalucia.com\\\/#website\",\"url\":\"https:\\\/\\\/villas-andalucia.com\\\/\",\"name\":\"Villas Andalucia\",\"description\":\"\",\"publisher\":{\"@id\":\"https:\\\/\\\/villas-andalucia.com\\\/#organization\"},\"potentialAction\":[{\"@type\":\"SearchAction\",\"target\":{\"@type\":\"EntryPoint\",\"urlTemplate\":\"https:\\\/\\\/villas-andalucia.com\\\/?s={search_term_string}\"},\"query-input\":{\"@type\":\"PropertyValueSpecification\",\"valueRequired\":true,\"valueName\":\"search_term_string\"}}],\"inLanguage\":\"de\"},{\"@type\":\"Organization\",\"@id\":\"https:\\\/\\\/villas-andalucia.com\\\/#organization\",\"name\":\"Villas Andalucia\",\"url\":\"https:\\\/\\\/villas-andalucia.com\\\/\",\"logo\":{\"@type\":\"ImageObject\",\"inLanguage\":\"de\",\"@id\":\"https:\\\/\\\/villas-andalucia.com\\\/#\\\/schema\\\/logo\\\/image\\\/\",\"url\":\"https:\\\/\\\/villas-andalucia.com\\\/wp-content\\\/uploads\\\/2022\\\/01\\\/logo_l-1.png\",\"contentUrl\":\"https:\\\/\\\/villas-andalucia.com\\\/wp-content\\\/uploads\\\/2022\\\/01\\\/logo_l-1.png\",\"width\":300,\"height\":194,\"caption\":\"Villas Andalucia\"},\"image\":{\"@id\":\"https:\\\/\\\/villas-andalucia.com\\\/#\\\/schema\\\/logo\\\/image\\\/\"}}]}<\/script>\n<!-- \/ Yoast SEO plugin. -->","yoast_head_json":{"title":"Imprint - Villas Andalucia","robots":{"index":"noindex","follow":"follow","max-snippet":"max-snippet:-1","max-image-preview":"max-image-preview:large","max-video-preview":"max-video-preview:-1"},"og_locale":"de_DE","og_type":"article","og_title":"Imprint - Villas Andalucia","og_description":"Imprint Contact Villas Andalucia Luxury Rentals S.L.Avda. Jos\u00e9 Ortega y Gasset 31729006 M\u00e1laga Villas Andalucia Luxury Rentals S.L.Avda. Jos\u00e9 Ortega y Gasset 31729006 M\u00e1laga E-Mail: info@villas-andalucia.comCIF: B16989774 Contact info@ villas-andalucia.com https:\/\/villas-andalucia.com Dispute resolution The European Commission provides a platform for out-of-court online dispute resolution (ODR platform), which can be accessed at www.ec.europa.eu\/consumers\/odr. Consumers have the...","og_url":"https:\/\/villas-andalucia.com\/de\/imprint\/","og_site_name":"Villas Andalucia","article_modified_time":"2023-02-28T14:36:00+00:00","twitter_card":"summary_large_image","twitter_misc":{"Gesch\u00e4tzte Lesezeit":"1\u00a0Minute"},"schema":{"@context":"https:\/\/schema.org","@graph":[{"@type":"WebPage","@id":"https:\/\/villas-andalucia.com\/imprint\/","url":"https:\/\/villas-andalucia.com\/imprint\/","name":"Imprint - Villas Andalucia","isPartOf":{"@id":"https:\/\/villas-andalucia.com\/#website"},"datePublished":"2021-10-03T18:38:37+00:00","dateModified":"2023-02-28T14:36:00+00:00","breadcrumb":{"@id":"https:\/\/villas-andalucia.com\/imprint\/#breadcrumb"},"inLanguage":"de","potentialAction":[{"@type":"ReadAction","target":["https:\/\/villas-andalucia.com\/imprint\/"]}]},{"@type":"BreadcrumbList","@id":"https:\/\/villas-andalucia.com\/imprint\/#breadcrumb","itemListElement":[{"@type":"ListItem","position":1,"name":"Home","item":"https:\/\/villas-andalucia.com\/"},{"@type":"ListItem","position":2,"name":"Imprint"}]},{"@type":"WebSite","@id":"https:\/\/villas-andalucia.com\/#website","url":"https:\/\/villas-andalucia.com\/","name":"Villas Andalucia","description":"","publisher":{"@id":"https:\/\/villas-andalucia.com\/#organization"},"potentialAction":[{"@type":"SearchAction","target":{"@type":"EntryPoint","urlTemplate":"https:\/\/villas-andalucia.com\/?s={search_term_string}"},"query-input":{"@type":"PropertyValueSpecification","valueRequired":true,"valueName":"search_term_string"}}],"inLanguage":"de"},{"@type":"Organization","@id":"https:\/\/villas-andalucia.com\/#organization","name":"Villas Andalucia","url":"https:\/\/villas-andalucia.com\/","logo":{"@type":"ImageObject","inLanguage":"de","@id":"https:\/\/villas-andalucia.com\/#\/schema\/logo\/image\/","url":"https:\/\/villas-andalucia.com\/wp-content\/uploads\/2022\/01\/logo_l-1.png","contentUrl":"https:\/\/villas-andalucia.com\/wp-content\/uploads\/2022\/01\/logo_l-1.png","width":300,"height":194,"caption":"Villas Andalucia"},"image":{"@id":"https:\/\/villas-andalucia.com\/#\/schema\/logo\/image\/"}}]}},"featured_image_src_large":false,"author_info":{"display_name":"Sammy","author_link":"https:\/\/villas-andalucia.com\/de\/author\/sammy\/"},"comment_info":0,"taxonomy_info":[],"_links":{"self":[{"href":"https:\/\/villas-andalucia.com\/de\/wp-json\/wp\/v2\/pages\/61","targetHints":{"allow":["GET"]}}],"collection":[{"href":"https:\/\/villas-andalucia.com\/de\/wp-json\/wp\/v2\/pages"}],"about":[{"href":"https:\/\/villas-andalucia.com\/de\/wp-json\/wp\/v2\/types\/page"}],"author":[{"embeddable":true,"href":"https:\/\/villas-andalucia.com\/de\/wp-json\/wp\/v2\/users\/2"}],"replies":[{"embeddable":true,"href":"https:\/\/villas-andalucia.com\/de\/wp-json\/wp\/v2\/comments?post=61"}],"version-history":[{"count":20,"href":"https:\/\/villas-andalucia.com\/de\/wp-json\/wp\/v2\/pages\/61\/revisions"}],"predecessor-version":[{"id":1294,"href":"https:\/\/villas-andalucia.com\/de\/wp-json\/wp\/v2\/pages\/61\/revisions\/1294"}],"wp:attachment":[{"href":"https:\/\/villas-andalucia.com\/de\/wp-json\/wp\/v2\/media?parent=61"}],"curies":[{"name":"wp","href":"https:\/\/api.w.org\/{rel}","templated":true}]}}